{"id":178,"date":"2025-08-01T13:08:08","date_gmt":"2025-08-01T16:08:08","guid":{"rendered":"https:\/\/novo.monange.cm2dev.com.br\/?page_id=178"},"modified":"2025-08-31T17:53:47","modified_gmt":"2025-08-31T20:53:47","slug":"blog","status":"publish","type":"page","link":"https:\/\/novo.monange.cm2dev.com.br\/?page_id=178","title":{"rendered":"Blog"},"content":{"rendered":"\t\t<div data-elementor-type=\"wp-page\" data-elementor-id=\"178\" class=\"elementor elementor-178\" data-elementor-post-type=\"page\">\n\t\t\t\t<div class=\"elementor-element elementor-element-37f52f38 e-con-full e-flex e-con e-parent\" data-id=\"37f52f38\" data-element_type=\"container\">\n\t\t<div class=\"elementor-element elementor-element-2c35001e e-con-full e-flex e-con e-child\" data-id=\"2c35001e\" data-element_type=\"container\" data-settings=\"{&quot;background_background&quot;:&quot;classic&quot;}\">\n\t\t<div class=\"elementor-element elementor-element-5523e844 e-con-full e-flex e-con e-child\" data-id=\"5523e844\" data-element_type=\"container\" data-settings=\"{&quot;background_background&quot;:&quot;classic&quot;}\">\n\t\t<div class=\"elementor-element elementor-element-32afe19f e-con-full e-flex e-con e-child\" data-id=\"32afe19f\" data-element_type=\"container\">\n\t\t<div class=\"elementor-element elementor-element-307f2691 e-con-full e-flex e-con e-child\" data-id=\"307f2691\" data-element_type=\"container\" data-settings=\"{&quot;position&quot;:&quot;absolute&quot;,&quot;background_background&quot;:&quot;classic&quot;}\">\n\t\t\t\t<div class=\"elementor-element elementor-element-726bd9 elementor-widget elementor-widget-image\" data-id=\"726bd9\" data-element_type=\"widget\" data-widget_type=\"image.default\">\n\t\t\t\t\t\t\t\t\t\t\t\t\t\t\t<img decoding=\"async\" src=\"https:\/\/novo.monange.cm2dev.com.br\/wp-content\/uploads\/2025\/07\/cad865d8a35551a248147e9bd0aa1d63.svg\" class=\"attachment-full size-full wp-image-29\" alt=\"\" \/>\t\t\t\t\t\t\t\t\t\t\t\t\t\t\t<\/div>\n\t\t<div class=\"elementor-element elementor-element-43fcfaa6 e-con-full e-flex e-con e-child\" data-id=\"43fcfaa6\" data-element_type=\"container\">\n\t\t<div class=\"elementor-element elementor-element-3705a79a e-con-full e-flex e-con e-child\" data-id=\"3705a79a\" data-element_type=\"container\">\n\t\t\t\t<div class=\"elementor-element elementor-element-345ba607 elementor-widget__width-initial elementor-widget elementor-widget-heading\" data-id=\"345ba607\" data-element_type=\"widget\" data-widget_type=\"heading.default\">\n\t\t\t\t\t<div class=\"elementor-heading-title elementor-size-default\">Produtos<\/div>\t\t\t\t<\/div>\n\t\t\t\t<div class=\"elementor-element elementor-element-5a7193be elementor-widget elementor-widget-image\" data-id=\"5a7193be\" data-element_type=\"widget\" data-widget_type=\"image.default\">\n\t\t\t\t\t\t\t\t\t\t\t\t\t\t\t<img decoding=\"async\" width=\"24\" height=\"24\" src=\"https:\/\/novo.monange.cm2dev.com.br\/wp-content\/uploads\/2025\/07\/015521ae3d57ccf939bf054c786e5f05.png\" class=\"attachment-full size-full wp-image-30\" alt=\"\" \/>\t\t\t\t\t\t\t\t\t\t\t\t\t\t\t<\/div>\n\t\t\t\t<\/div>\n\t\t\t\t<div class=\"elementor-element elementor-element-2dc79da7 elementor-widget__width-initial elementor-widget elementor-widget-heading\" data-id=\"2dc79da7\" data-element_type=\"widget\" data-widget_type=\"heading.default\">\n\t\t\t\t\t<div class=\"elementor-heading-title elementor-size-default\">Blog<\/div>\t\t\t\t<\/div>\n\t\t\t\t<div class=\"elementor-element elementor-element-708e01fb elementor-widget__width-initial elementor-widget elementor-widget-heading\" data-id=\"708e01fb\" data-element_type=\"widget\" data-widget_type=\"heading.default\">\n\t\t\t\t\t<div class=\"elementor-heading-title elementor-size-default\">Sobre a marca<\/div>\t\t\t\t<\/div>\n\t\t\t\t<div class=\"elementor-element elementor-element-2cb83fff elementor-widget__width-initial elementor-widget elementor-widget-heading\" data-id=\"2cb83fff\" data-element_type=\"widget\" data-widget_type=\"heading.default\">\n\t\t\t\t\t<div class=\"elementor-heading-title elementor-size-default\">Contato<\/div>\t\t\t\t<\/div>\n\t\t\t\t<div class=\"elementor-element elementor-element-2b94d623 elementor-widget elementor-widget-image\" data-id=\"2b94d623\" data-element_type=\"widget\" data-widget_type=\"image.default\">\n\t\t\t\t\t\t\t\t\t\t\t\t\t\t\t<img decoding=\"async\" width=\"21\" height=\"16\" src=\"https:\/\/novo.monange.cm2dev.com.br\/wp-content\/uploads\/2025\/07\/3fd679119a23db7395aebc0e22798a78.png\" class=\"attachment-full size-full wp-image-31\" alt=\"\" \/>\t\t\t\t\t\t\t\t\t\t\t\t\t\t\t<\/div>\n\t\t\t\t<div class=\"elementor-element elementor-element-12fa2e96 elementor-widget elementor-widget-image\" data-id=\"12fa2e96\" data-element_type=\"widget\" data-widget_type=\"image.default\">\n\t\t\t\t\t\t\t\t\t\t\t\t\t\t\t<img decoding=\"async\" width=\"24\" height=\"24\" src=\"https:\/\/novo.monange.cm2dev.com.br\/wp-content\/uploads\/2025\/07\/b8c55b4716abdc64b92e6f35ef6a0754.png\" class=\"attachment-full size-full wp-image-32\" alt=\"\" \/>\t\t\t\t\t\t\t\t\t\t\t\t\t\t\t<\/div>\n\t\t\t\t<\/div>\n\t\t\t\t<\/div>\n\t\t\t\t<\/div>\n\t\t<div class=\"elementor-element elementor-element-565a8204 e-con-full e-flex e-con e-child\" data-id=\"565a8204\" data-element_type=\"container\" data-settings=\"{&quot;position&quot;:&quot;absolute&quot;}\">\n\t\t<div class=\"elementor-element elementor-element-5817fefd e-con-full e-flex e-con e-child\" data-id=\"5817fefd\" data-element_type=\"container\">\n\t\t\t\t<div class=\"elementor-element elementor-element-218eb3e4 elementor-widget__width-initial elementor-widget elementor-widget-text-editor\" data-id=\"218eb3e4\" data-element_type=\"widget\" data-widget_type=\"text-editor.default\">\n\t\t\t\t\t\t\t\t\tDescubra nossa linha completa para transformar sua rotina<br\/>em um momento de beleza e bem-estar.\t\t\t\t\t\t\t\t<\/div>\n\t\t\t\t<\/div>\n\t\t<div class=\"elementor-element elementor-element-76900651 e-con-full e-flex e-con e-child\" data-id=\"76900651\" data-element_type=\"container\" data-settings=\"{&quot;background_background&quot;:&quot;classic&quot;}\">\n\t\t\t\t<div class=\"elementor-element elementor-element-179fcb3f elementor-widget__width-initial elementor-widget elementor-widget-heading\" data-id=\"179fcb3f\" data-element_type=\"widget\" data-widget_type=\"heading.default\">\n\t\t\t\t\t<div class=\"elementor-heading-title elementor-size-default\">Conhe\u00e7a nossos produtos<\/div>\t\t\t\t<\/div>\n\t\t\t\t<div class=\"elementor-element elementor-element-3454473d elementor-widget elementor-widget-image\" data-id=\"3454473d\" data-element_type=\"widget\" data-widget_type=\"image.default\">\n\t\t\t\t\t\t\t\t\t\t\t\t\t\t\t<img loading=\"lazy\" decoding=\"async\" width=\"24\" height=\"24\" src=\"https:\/\/novo.monange.cm2dev.com.br\/wp-content\/uploads\/2025\/07\/e67d666e8da5748a97b1bf3e988ef44a.png\" class=\"attachment-full size-full wp-image-28\" alt=\"\" \/>\t\t\t\t\t\t\t\t\t\t\t\t\t\t\t<\/div>\n\t\t\t\t<\/div>\n\t\t\t\t<\/div>\n\t\t\t\t<\/div>\n\t\t\t\t<\/div>\n\t\t\t\t<\/div>\n\t\t<div class=\"elementor-element elementor-element-3001e08 e-con-full e-flex e-con e-child\" data-id=\"3001e08\" data-element_type=\"container\" data-settings=\"{&quot;background_background&quot;:&quot;classic&quot;}\">\n\t\t\t\t<div class=\"elementor-element elementor-element-6fd8754 elementor-widget elementor-widget-spacer\" data-id=\"6fd8754\" data-element_type=\"widget\" data-widget_type=\"spacer.default\">\n\t\t\t\t\t\t\t<div class=\"elementor-spacer\">\n\t\t\t<div class=\"elementor-spacer-inner\"><\/div>\n\t\t<\/div>\n\t\t\t\t\t\t<\/div>\n\t\t\t\t<\/div>\n\t\t<div class=\"elementor-element elementor-element-7ff9ac9 e-con-full e-flex e-con e-child\" data-id=\"7ff9ac9\" data-element_type=\"container\" data-settings=\"{&quot;background_background&quot;:&quot;classic&quot;}\">\n\t\t<div class=\"elementor-element elementor-element-47c0bda e-con-full e-flex e-con e-child\" data-id=\"47c0bda\" data-element_type=\"container\">\n\t\t\t\t<div class=\"elementor-element elementor-element-a4d8c7d elementor-widget elementor-widget-image\" data-id=\"a4d8c7d\" data-element_type=\"widget\" data-widget_type=\"image.default\">\n\t\t\t\t\t\t\t\t\t\t\t\t\t\t\t<img decoding=\"async\" src=\"https:\/\/novo.monange.cm2dev.com.br\/wp-content\/uploads\/2025\/07\/3c512a3904ac9396cbe7290bff60f5b6.svg\" class=\"attachment-full size-full wp-image-33\" alt=\"\" \/>\t\t\t\t\t\t\t\t\t\t\t\t\t\t\t<\/div>\n\t\t\t\t<div class=\"elementor-element elementor-element-8e6f05e elementor-widget elementor-widget-image\" data-id=\"8e6f05e\" data-element_type=\"widget\" data-widget_type=\"image.default\">\n\t\t\t\t\t\t\t\t\t\t\t\t\t\t\t<img decoding=\"async\" src=\"https:\/\/novo.monange.cm2dev.com.br\/wp-content\/uploads\/2025\/07\/9b9a0e6f451e6c479a172103e9402aed.svg\" class=\"attachment-full size-full wp-image-34\" alt=\"\" \/>\t\t\t\t\t\t\t\t\t\t\t\t\t\t\t<\/div>\n\t\t\t\t<div class=\"elementor-element elementor-element-5dbbfaf elementor-widget elementor-widget-image\" data-id=\"5dbbfaf\" data-element_type=\"widget\" data-widget_type=\"image.default\">\n\t\t\t\t\t\t\t\t\t\t\t\t\t\t\t<img decoding=\"async\" src=\"https:\/\/novo.monange.cm2dev.com.br\/wp-content\/uploads\/2025\/07\/cf5b7884c88202bc2b2b105aa098d18b.svg\" class=\"attachment-full size-full wp-image-35\" alt=\"\" \/>\t\t\t\t\t\t\t\t\t\t\t\t\t\t\t<\/div>\n\t\t\t\t<\/div>\n\t\t\t\t<\/div>\n\t\t<div class=\"elementor-element elementor-element-729d562e e-con-full e-flex e-con e-parent\" data-id=\"729d562e\" data-element_type=\"container\">\n\t\t\t\t<div class=\"elementor-element elementor-element-20559ff elementor-widget elementor-widget-spacer\" data-id=\"20559ff\" data-element_type=\"widget\" data-widget_type=\"spacer.default\">\n\t\t\t\t\t\t\t<div class=\"elementor-spacer\">\n\t\t\t<div class=\"elementor-spacer-inner\"><\/div>\n\t\t<\/div>\n\t\t\t\t\t\t<\/div>\n\t\t\t\t<div class=\"elementor-element elementor-element-1aaffcc elementor-grid-3 elementor-grid-tablet-2 elementor-grid-mobile-1 elementor-widget elementor-widget-loop-grid\" data-id=\"1aaffcc\" data-element_type=\"widget\" data-settings=\"{&quot;template_id&quot;:&quot;154&quot;,&quot;_skin&quot;:&quot;post&quot;,&quot;columns&quot;:&quot;3&quot;,&quot;columns_tablet&quot;:&quot;2&quot;,&quot;columns_mobile&quot;:&quot;1&quot;,&quot;edit_handle_selector&quot;:&quot;[data-elementor-type=\\&quot;loop-item\\&quot;]&quot;,&quot;row_gap&quot;:{&quot;unit&quot;:&quot;px&quot;,&quot;size&quot;:&quot;&quot;,&quot;sizes&quot;:[]},&quot;row_gap_tablet&quot;:{&quot;unit&quot;:&quot;px&quot;,&quot;size&quot;:&quot;&quot;,&quot;sizes&quot;:[]},&quot;row_gap_mobile&quot;:{&quot;unit&quot;:&quot;px&quot;,&quot;size&quot;:&quot;&quot;,&quot;sizes&quot;:[]}}\" data-widget_type=\"loop-grid.post\">\n\t\t\t\t<div class=\"elementor-widget-container\">\n\t\t\t\t\t\t\t<div class=\"elementor-loop-container elementor-grid\" role=\"list\">\n\t\t\t\t<\/div>\n\t\t\n\t\t\t\t\t\t<\/div>\n\t\t\t\t<\/div>\n\t\t\t\t<\/div>\n\t\t<div class=\"elementor-element elementor-element-42d8e59a e-con-full e-flex e-con e-child\" data-id=\"42d8e59a\" data-element_type=\"container\" data-settings=\"{&quot;position&quot;:&quot;absolute&quot;,&quot;background_background&quot;:&quot;classic&quot;}\">\n\t\t\t\t<div class=\"elementor-element elementor-element-25f314d2 elementor-widget elementor-widget-image\" data-id=\"25f314d2\" data-element_type=\"widget\" data-widget_type=\"image.default\">\n\t\t\t\t\t\t\t\t\t\t\t\t\t\t\t\t<a href=\"https:\/\/novo.monange.cm2dev.com.br\/?page_id=93\">\n\t\t\t\t\t\t\t<img decoding=\"async\" src=\"https:\/\/novo.monange.cm2dev.com.br\/wp-content\/uploads\/2025\/07\/cad865d8a35551a248147e9bd0aa1d63.svg\" class=\"attachment-full size-full wp-image-29\" alt=\"\" \/>\t\t\t\t\t\t\t\t<\/a>\n\t\t\t\t\t\t\t\t\t\t\t\t\t\t\t<\/div>\n\t\t<div class=\"elementor-element elementor-element-4102fe44 e-con-full e-flex e-con e-child\" data-id=\"4102fe44\" data-element_type=\"container\">\n\t\t<div class=\"elementor-element elementor-element-5ca12fb e-con-full e-flex e-con e-child\" data-id=\"5ca12fb\" data-element_type=\"container\">\n\t\t\t\t<div class=\"elementor-element elementor-element-4598e2df elementor-widget__width-initial elementor-widget elementor-widget-heading\" data-id=\"4598e2df\" data-element_type=\"widget\" data-widget_type=\"heading.default\">\n\t\t\t\t\t<div class=\"elementor-heading-title elementor-size-default\">Produtos<\/div>\t\t\t\t<\/div>\n\t\t\t\t<div class=\"elementor-element elementor-element-37fc3456 elementor-widget elementor-widget-image\" data-id=\"37fc3456\" data-element_type=\"widget\" data-widget_type=\"image.default\">\n\t\t\t\t\t\t\t\t\t\t\t\t\t\t\t<img decoding=\"async\" width=\"24\" height=\"24\" src=\"https:\/\/novo.monange.cm2dev.com.br\/wp-content\/uploads\/2025\/07\/015521ae3d57ccf939bf054c786e5f05.png\" class=\"attachment-full size-full wp-image-30\" alt=\"\" \/>\t\t\t\t\t\t\t\t\t\t\t\t\t\t\t<\/div>\n\t\t\t\t<\/div>\n\t\t\t\t<div class=\"elementor-element elementor-element-3787b46d elementor-widget__width-initial elementor-widget elementor-widget-heading\" data-id=\"3787b46d\" data-element_type=\"widget\" data-widget_type=\"heading.default\">\n\t\t\t\t\t<div class=\"elementor-heading-title elementor-size-default\"><a href=\"https:\/\/novo.monange.cm2dev.com.br\/?page_id=178\">Blog<\/a><\/div>\t\t\t\t<\/div>\n\t\t\t\t<div class=\"elementor-element elementor-element-43823f1a elementor-widget__width-initial elementor-widget elementor-widget-heading\" data-id=\"43823f1a\" data-element_type=\"widget\" data-widget_type=\"heading.default\">\n\t\t\t\t\t<div class=\"elementor-heading-title elementor-size-default\">Sobre a marca<\/div>\t\t\t\t<\/div>\n\t\t\t\t<div class=\"elementor-element elementor-element-228cb426 elementor-widget__width-initial elementor-widget elementor-widget-heading\" data-id=\"228cb426\" data-element_type=\"widget\" data-widget_type=\"heading.default\">\n\t\t\t\t\t<div class=\"elementor-heading-title elementor-size-default\">Contato<\/div>\t\t\t\t<\/div>\n\t\t\t\t<div class=\"elementor-element elementor-element-24d1fc1e elementor-widget elementor-widget-image\" data-id=\"24d1fc1e\" data-element_type=\"widget\" data-widget_type=\"image.default\">\n\t\t\t\t\t\t\t\t\t\t\t\t\t\t\t<img decoding=\"async\" width=\"21\" height=\"16\" src=\"https:\/\/novo.monange.cm2dev.com.br\/wp-content\/uploads\/2025\/07\/3fd679119a23db7395aebc0e22798a78.png\" class=\"attachment-full size-full wp-image-31\" alt=\"\" \/>\t\t\t\t\t\t\t\t\t\t\t\t\t\t\t<\/div>\n\t\t\t\t<div class=\"elementor-element elementor-element-65aeeaad elementor-widget elementor-widget-image\" data-id=\"65aeeaad\" data-element_type=\"widget\" data-widget_type=\"image.default\">\n\t\t\t\t\t\t\t\t\t\t\t\t\t\t\t<img decoding=\"async\" width=\"24\" height=\"24\" src=\"https:\/\/novo.monange.cm2dev.com.br\/wp-content\/uploads\/2025\/07\/b8c55b4716abdc64b92e6f35ef6a0754.png\" class=\"attachment-full size-full wp-image-32\" alt=\"\" \/>\t\t\t\t\t\t\t\t\t\t\t\t\t\t\t<\/div>\n\t\t\t\t<\/div>\n\t\t\t\t<\/div>\n\t\t<div class=\"elementor-element elementor-element-217b40b e-flex e-con-boxed e-con e-parent\" data-id=\"217b40b\" data-element_type=\"container\">\n\t\t\t\t\t<div class=\"e-con-inner\">\n\t\t\t\t\t<\/div>\n\t\t\t\t<\/div>\n\t\t<div class=\"elementor-element elementor-element-6a83a0b7 e-con-full e-flex e-con e-child\" data-id=\"6a83a0b7\" data-element_type=\"container\" data-settings=\"{&quot;background_background&quot;:&quot;classic&quot;}\">\n\t\t<div class=\"elementor-element elementor-element-39dcfc42 e-con-full e-flex e-con e-child\" data-id=\"39dcfc42\" data-element_type=\"container\">\n\t\t<div class=\"elementor-element elementor-element-574c74e3 e-con-full e-flex e-con e-child\" data-id=\"574c74e3\" data-element_type=\"container\">\n\t\t\t\t<div class=\"elementor-element elementor-element-35b1773e elementor-widget__width-initial elementor-widget elementor-widget-heading\" data-id=\"35b1773e\" data-element_type=\"widget\" data-widget_type=\"heading.default\">\n\t\t\t\t\t<div class=\"elementor-heading-title elementor-size-default\"><a href=\"https:\/\/novo.monange.cm2dev.com.br\/?page_id=93\">Monange<\/a><\/div>\t\t\t\t<\/div>\n\t\t<div class=\"elementor-element elementor-element-728d01ec e-con-full e-flex e-con e-child\" data-id=\"728d01ec\" data-element_type=\"container\">\n\t\t\t\t<div class=\"elementor-element elementor-element-78d55a6 elementor-widget__width-initial elementor-widget elementor-widget-heading\" data-id=\"78d55a6\" data-element_type=\"widget\" data-widget_type=\"heading.default\">\n\t\t\t\t\t<div class=\"elementor-heading-title elementor-size-default\">Sobre a marca<\/div>\t\t\t\t<\/div>\n\t\t\t\t<div class=\"elementor-element elementor-element-5af0437 elementor-widget__width-initial elementor-widget elementor-widget-heading\" data-id=\"5af0437\" data-element_type=\"widget\" data-widget_type=\"heading.default\">\n\t\t\t\t\t<div class=\"elementor-heading-title elementor-size-default\">Benef\u00edcios<\/div>\t\t\t\t<\/div>\n\t\t\t\t<div class=\"elementor-element elementor-element-757d9ee9 elementor-widget__width-initial elementor-widget elementor-widget-heading\" data-id=\"757d9ee9\" data-element_type=\"widget\" data-widget_type=\"heading.default\">\n\t\t\t\t\t<div class=\"elementor-heading-title elementor-size-default\"><a href=\"https:\/\/novo.monange.cm2dev.com.br\/?page_id=178\">Blog<\/a><\/div>\t\t\t\t<\/div>\n\t\t\t\t<div class=\"elementor-element elementor-element-7fbba9b6 elementor-widget__width-initial elementor-widget elementor-widget-heading\" data-id=\"7fbba9b6\" data-element_type=\"widget\" data-widget_type=\"heading.default\">\n\t\t\t\t\t<div class=\"elementor-heading-title elementor-size-default\">Termos e Condi\u00e7\u00f5es<\/div>\t\t\t\t<\/div>\n\t\t\t\t<\/div>\n\t\t\t\t<\/div>\n\t\t<div class=\"elementor-element elementor-element-6eee7021 e-con-full e-flex e-con e-child\" data-id=\"6eee7021\" data-element_type=\"container\">\n\t\t\t\t<div class=\"elementor-element elementor-element-1cfd9ada elementor-widget__width-initial elementor-widget elementor-widget-heading\" data-id=\"1cfd9ada\" data-element_type=\"widget\" data-widget_type=\"heading.default\">\n\t\t\t\t\t<div class=\"elementor-heading-title elementor-size-default\">Cuide-se<\/div>\t\t\t\t<\/div>\n\t\t<div class=\"elementor-element elementor-element-21ddba32 e-con-full e-flex e-con e-child\" data-id=\"21ddba32\" data-element_type=\"container\">\n\t\t\t\t<div class=\"elementor-element elementor-element-1c2b00a elementor-widget__width-initial elementor-widget elementor-widget-heading\" data-id=\"1c2b00a\" data-element_type=\"widget\" data-widget_type=\"heading.default\">\n\t\t\t\t\t<div class=\"elementor-heading-title elementor-size-default\">Dicas<\/div>\t\t\t\t<\/div>\n\t\t\t\t<div class=\"elementor-element elementor-element-25dbc717 elementor-widget__width-initial elementor-widget elementor-widget-heading\" data-id=\"25dbc717\" data-element_type=\"widget\" data-widget_type=\"heading.default\">\n\t\t\t\t\t<div class=\"elementor-heading-title elementor-size-default\">Quiz<\/div>\t\t\t\t<\/div>\n\t\t\t\t<\/div>\n\t\t\t\t<\/div>\n\t\t<div class=\"elementor-element elementor-element-3e549ce7 e-con-full e-flex e-con e-child\" data-id=\"3e549ce7\" data-element_type=\"container\">\n\t\t\t\t<div class=\"elementor-element elementor-element-5ba9e9e elementor-widget__width-initial elementor-widget elementor-widget-heading\" data-id=\"5ba9e9e\" data-element_type=\"widget\" data-widget_type=\"heading.default\">\n\t\t\t\t\t<div class=\"elementor-heading-title elementor-size-default\">Fa\u00e7a parte<\/div>\t\t\t\t<\/div>\n\t\t<div class=\"elementor-element elementor-element-db9aa9f e-con-full e-flex e-con e-child\" data-id=\"db9aa9f\" data-element_type=\"container\">\n\t\t\t\t<div class=\"elementor-element elementor-element-31daeb02 elementor-widget__width-initial elementor-widget elementor-widget-heading\" data-id=\"31daeb02\" data-element_type=\"widget\" data-widget_type=\"heading.default\">\n\t\t\t\t\t<div class=\"elementor-heading-title elementor-size-default\">Contato<\/div>\t\t\t\t<\/div>\n\t\t\t\t<\/div>\n\t\t\t\t<\/div>\n\t\t\t\t<div class=\"elementor-element elementor-element-4c01d453 elementor-widget elementor-widget-image\" data-id=\"4c01d453\" data-element_type=\"widget\" data-widget_type=\"image.default\">\n\t\t\t\t\t\t\t\t\t\t\t\t\t\t\t<img loading=\"lazy\" decoding=\"async\" width=\"264\" height=\"40\" src=\"https:\/\/novo.monange.cm2dev.com.br\/wp-content\/uploads\/2025\/07\/25a6060735205a0506bfa5a323b85e46.png\" class=\"attachment-full size-full wp-image-77\" alt=\"\" \/>\t\t\t\t\t\t\t\t\t\t\t\t\t\t\t<\/div>\n\t\t\t\t<\/div>\n\t\t<div class=\"elementor-element elementor-element-61b5b225 e-con-full e-flex e-con e-child\" data-id=\"61b5b225\" data-element_type=\"container\">\n\t\t\t\t<div class=\"elementor-element elementor-element-160cd02b elementor-widget__width-initial elementor-widget elementor-widget-heading\" data-id=\"160cd02b\" data-element_type=\"widget\" data-widget_type=\"heading.default\">\n\t\t\t\t\t<div class=\"elementor-heading-title elementor-size-default\"><span style=\"color: #474A57\">Monange \u00a9 2025 Copyright <\/span><span style=\"color: #53348F\">Pol\u00edtica de Privacidade<\/span><\/div>\t\t\t\t<\/div>\n\t\t\t\t<div class=\"elementor-element elementor-element-3c8f01e5 elementor-widget elementor-widget-image\" data-id=\"3c8f01e5\" data-element_type=\"widget\" data-widget_type=\"image.default\">\n\t\t\t\t\t\t\t\t\t\t\t\t\t\t\t<img decoding=\"async\" src=\"https:\/\/novo.monange.cm2dev.com.br\/wp-content\/uploads\/2025\/07\/c447fb58ad7598cbda20f119ec0ed0d1.svg\" class=\"attachment-full size-full wp-image-78\" alt=\"\" \/>\t\t\t\t\t\t\t\t\t\t\t\t\t\t\t<\/div>\n\t\t\t\t<\/div>\n\t\t\t\t<\/div>\n\t\t\t\t<\/div>\n\t\t","protected":false},"excerpt":{"rendered":"<p>Produtos Blog Sobre a marca Contato Descubra nossa linha completa para transformar sua rotinaem um momento de beleza e bem-estar. Conhe\u00e7a nossos produtos Produtos Blog Sobre a marca Contato Monange Sobre a marca Benef\u00edcios Blog Termos e Condi\u00e7\u00f5es Cuide-se Dicas Quiz Fa\u00e7a parte Contato Monange \u00a9 2025 Copyright Pol\u00edtica de Privacidade<\/p>\n","protected":false},"author":1,"featured_media":0,"parent":0,"menu_order":0,"comment_status":"closed","ping_status":"closed","template":"elementor_canvas","meta":{"_acf_changed":false,"footnotes":""},"class_list":["post-178","page","type-page","status-publish","hentry"],"acf":[],"_links":{"self":[{"href":"https:\/\/novo.monange.cm2dev.com.br\/index.php?rest_route=\/wp\/v2\/pages\/178","targetHints":{"allow":["GET"]}}],"collection":[{"href":"https:\/\/novo.monange.cm2dev.com.br\/index.php?rest_route=\/wp\/v2\/pages"}],"about":[{"href":"https:\/\/novo.monange.cm2dev.com.br\/index.php?rest_route=\/wp\/v2\/types\/page"}],"author":[{"embeddable":true,"href":"https:\/\/novo.monange.cm2dev.com.br\/index.php?rest_route=\/wp\/v2\/users\/1"}],"replies":[{"embeddable":true,"href":"https:\/\/novo.monange.cm2dev.com.br\/index.php?rest_route=%2Fwp%2Fv2%2Fcomments&post=178"}],"version-history":[{"count":66,"href":"https:\/\/novo.monange.cm2dev.com.br\/index.php?rest_route=\/wp\/v2\/pages\/178\/revisions"}],"predecessor-version":[{"id":2335,"href":"https:\/\/novo.monange.cm2dev.com.br\/index.php?rest_route=\/wp\/v2\/pages\/178\/revisions\/2335"}],"wp:attachment":[{"href":"https:\/\/novo.monange.cm2dev.com.br\/index.php?rest_route=%2Fwp%2Fv2%2Fmedia&parent=178"}],"curies":[{"name":"wp","href":"https:\/\/api.w.org\/{rel}","templated":true}]}}