{"id":3380,"date":"2025-11-13T17:47:38","date_gmt":"2025-11-13T20:47:38","guid":{"rendered":"https:\/\/novo.monange.cm2dev.com.br\/?post_type=product&#038;p=3380"},"modified":"2025-11-13T18:11:04","modified_gmt":"2025-11-13T21:11:04","slug":"kit-monan-sab-int-frescor-frescor","status":"publish","type":"product","link":"https:\/\/novo.monange.cm2dev.com.br\/?product=kit-monan-sab-int-frescor-frescor","title":{"rendered":"KIT MONAN SAB INT FRESCOR + FRESCOR"},"content":{"rendered":"<p>Monange &#038; Lucretin se uniram especialmente para os cuidados com a pele sens\u00edvel da regi\u00e3o \u00edntima. Sua f\u00f3rmula conta com um sistema de Prote\u00e7\u00e3o Natural, que mant\u00e9m o equil\u00edbrio do pH da flora proporcionando sensa\u00e7\u00e3o de prote\u00e7\u00e3o por 24h e refresc\u00e2ncia.<\/p>\n","protected":false},"excerpt":{"rendered":"<p>Monange &#038; Lucretin se uniram especialmente para os cuidados com a pele sens\u00edvel da regi\u00e3o \u00edntima. Sua f\u00f3rmula conta com um sistema de Prote\u00e7\u00e3o Natural, que mant\u00e9m o equil\u00edbrio do pH da flora proporcionando sensa\u00e7\u00e3o de prote\u00e7\u00e3o por 24h e refresc\u00e2ncia.<\/p>\n","protected":false},"featured_media":3390,"comment_status":"open","ping_status":"closed","template":"","meta":{"_acf_changed":false},"beneficio":[],"product_brand":[],"product_cat":[229,233,230,235,237,234,232,82,231],"product_tag":[],"class_list":{"0":"post-3380","1":"product","2":"type-product","3":"status-publish","4":"has-post-thumbnail","6":"product_cat-acido-latico","7":"product_cat-controle-do-odor","8":"product_cat-equilibrio-do-ph","9":"product_cat-evita-o-ressecamento","10":"product_cat-extrato-vegetal-de-hortela","11":"product_cat-limpeza-apropriada","12":"product_cat-maciez","13":"product_cat-sabonete-intimo","14":"product_cat-sensacao-de-protecao-por-24h","16":"first","17":"instock","18":"shipping-taxable","19":"product-type-simple"},"acf":[],"_links":{"self":[{"href":"https:\/\/novo.monange.cm2dev.com.br\/index.php?rest_route=\/wp\/v2\/product\/3380","targetHints":{"allow":["GET"]}}],"collection":[{"href":"https:\/\/novo.monange.cm2dev.com.br\/index.php?rest_route=\/wp\/v2\/product"}],"about":[{"href":"https:\/\/novo.monange.cm2dev.com.br\/index.php?rest_route=\/wp\/v2\/types\/product"}],"replies":[{"embeddable":true,"href":"https:\/\/novo.monange.cm2dev.com.br\/index.php?rest_route=%2Fwp%2Fv2%2Fcomments&post=3380"}],"wp:featuredmedia":[{"embeddable":true,"href":"https:\/\/novo.monange.cm2dev.com.br\/index.php?rest_route=\/wp\/v2\/media\/3390"}],"wp:attachment":[{"href":"https:\/\/novo.monange.cm2dev.com.br\/index.php?rest_route=%2Fwp%2Fv2%2Fmedia&parent=3380"}],"wp:term":[{"taxonomy":"beneficio","embeddable":true,"href":"https:\/\/novo.monange.cm2dev.com.br\/index.php?rest_route=%2Fwp%2Fv2%2Fbeneficio&post=3380"},{"taxonomy":"product_brand","embeddable":true,"href":"https:\/\/novo.monange.cm2dev.com.br\/index.php?rest_route=%2Fwp%2Fv2%2Fproduct_brand&post=3380"},{"taxonomy":"product_cat","embeddable":true,"href":"https:\/\/novo.monange.cm2dev.com.br\/index.php?rest_route=%2Fwp%2Fv2%2Fproduct_cat&post=3380"},{"taxonomy":"product_tag","embeddable":true,"href":"https:\/\/novo.monange.cm2dev.com.br\/index.php?rest_route=%2Fwp%2Fv2%2Fproduct_tag&post=3380"}],"curies":[{"name":"wp","href":"https:\/\/api.w.org\/{rel}","templated":true}]}}